{"id":1980,"date":"2022-01-13T17:28:11","date_gmt":"2022-01-13T14:28:11","guid":{"rendered":"https:\/\/www.anadoluilaclama.net\/?page_id=1980"},"modified":"2023-01-11T18:34:32","modified_gmt":"2023-01-11T15:34:32","slug":"kemalpasa-bocek-ve-hasere-ilaclama-servisi","status":"publish","type":"page","link":"https:\/\/www.anadoluilaclama.net\/index.php\/kemalpasa-bocek-ve-hasere-ilaclama-servisi\/","title":{"rendered":"KEMALPA\u015eA HA\u015eERE \u0130LA\u00c7LAMA"},"content":{"rendered":"<h1 style=\"text-align: center;\">Kemalpa\u015fa B\u00f6cek ve Ha\u015fere \u0130la\u00e7lama Servisi<\/h1>\n<p>Ev i\u015fyeri daire ve apartman ila\u00e7lama Kemalpa\u015fa olarak 2000 y\u0131l\u0131 mart ay\u0131nda Anadolu veteriner muayenehanesi ve Veteriner eczanesi olarak hizmet sekt\u00f6r\u00fcnde hizmete ba\u015flayan \u0130la\u00e7lama ve Dezenfeksiyon firmam\u0131z 2009 y\u0131l\u0131nda ha\u015fere &#8211; b\u00f6cek ila\u00e7lama ve Dezenfeksiyon sekt\u00f6r\u00fcne B\u00d6CEK \u0130LA\u00c7LAMA VE DEZENFEKS\u0130YON PEST KONTROL ad\u0131 alt\u0131nda hizmete girmi\u015ftir.2010 y\u0131l\u0131ndan itibaren bu sekt\u00f6rde zararl\u0131 , b\u00f6cek ve kemirgen (fare ve s\u0131\u00e7an dahil) ila\u00e7lama servisi ve Dezenfeksiyon hizmeti vermektedir. B\u00f6cek fare ve vir\u00fcs dezenfeksiyon ila\u00e7lama firmam\u0131z Kemalpa\u015fa oldu\u011fu gibi t\u00fcm b\u00f6lgede hizmetinizdedir. Biz insanlar\u0131 bu zor durumdan ekonomik bir \u015fekilde , garantili, %100 olmak \u00fczere m\u00fc\u015fteri memnuniyeti ile \u00e7ok kolay bir \u015fekilde kurtulmas\u0131n\u0131 ila\u00e7lama servisi olarak sa\u011flamaktay\u0131z. B\u00f6cek ve Ha\u015fere Kemalpa\u015fa olarak size hizmet vermek isteriz. Kemalpa\u015fa b\u00f6cek ve ha\u015fere ila\u00e7lama fiyatlar\u0131 i\u00e7in ila\u00e7lama firmam\u0131zla ileti\u015fime ge\u00e7iniz.<\/p>\n<h2 style=\"text-align: center;\">Kemalpa\u015fa Ev \u0130\u015fyeri B\u00f6cek ve Fare \u0130la\u00e7lama \u015eirketi<\/h2>\n<p>Bilindi\u011fi \u00fczere B\u00f6cekler Ha\u015fere ve kemirgenler biz insanlar\u0131 rahats\u0131z etmelerinin yan\u0131 s\u0131ra, 12 ay\u00a0 boyunca evimiz de , i\u015f yerimiz de \u00e7ok ciddi riskler olu\u015fturur. Ha\u015fere B\u00f6cek ila\u00e7lama ve Dezenfeksiyon olarak siz m\u00fc\u015fterilerimize profesyonel b\u00f6cek ila\u00e7lama ve Dezenfeksiyon hizmetleri veriyoruz. Hamam b\u00f6cekleri, pire, bit, \u00e7iyan, sinek, akrep, fare , s\u0131\u00e7an vb. bu zararl\u0131lar \u00e7e\u015fitli hastal\u0131klar\u0131 ta\u015f\u0131yabilirler ve biz insanlara hastal\u0131k bula\u015ft\u0131r\u0131rlar. Bundan dolay\u0131 bu zararl\u0131lar\u0131 ya\u015fam alanlar\u0131m\u0131zdan uzak tutmak \u00f6nemlidir. Ha\u015fere ve b\u00f6cekler hangi mevsim olursa olsun onlar\u0131 evinizden uzak tutmak gerekir. \u0130la\u00e7lama Servisi Kemalpa\u015fa, Kemalpa\u015fa ila\u00e7lama \u015firketleri, ev ila\u00e7lama Kemalpa\u015fa olarak g\u00fcn\u00fcn her saati arayabilirsiniz.<\/p>\n<p>B\u00f6cek ila\u00e7lama ve Dezenfeksiyon Firmam\u0131z T.C Sa\u011fl\u0131k Bakanl\u0131\u011f\u0131ndan onayl\u0131 yasal ve profesyonel bir b\u00f6cek ila\u00e7lama ve Dezenfeksiyon \u015firketidir. B\u00f6cek \u0130la\u00e7lama \u015firketimizin telefonlar\u0131na g\u00fcn\u00fcn her saati 7\/24 ula\u015fabilir, yetkili m\u00fc\u015fteri temsilcilerimizden ila\u00e7lama ve dezenfeksiyonla ilgili her konu hakk\u0131nda bilgi rahatl\u0131kla alabilirsiniz. Ha\u015fere ila\u00e7lama Kemalpa\u015fa, B\u00f6cek ila\u00e7lama Kemalpa\u015fa ve fare ila\u00e7lama Kemalpa\u015fa olarak ila\u00e7lama fiyatlar\u0131m\u0131z t\u00fcm yerlerde ayn\u0131 olup, ila\u00e7lama bedeli alan\u0131n m2&#8217;sine ve ev ise oda say\u0131s\u0131na g\u00f6re belirlenmektedir.<\/p>\n<h3 style=\"text-align: center;\">Kemalpa\u015fa da B\u00f6cek \u0130la\u00e7lama \u015eirketleri<\/h3>\n<p><strong>Kemalpa\u015fa da bulunan ila\u00e7lama \u015firketi ;<\/strong> Ha\u015fere B\u00f6cek ila\u00e7lama ve Dezenfeksiyon Servisi olarak \u00a0Tar\u0131m ve Sa\u011fl\u0131k Bakanl\u0131\u011f\u0131 Onayl\u0131 olup, Uygulay\u0131c\u0131 personellerimiz Sa\u011fl\u0131k bakanl\u0131\u011f\u0131ndan sertifikal\u0131 olup ila\u00e7lama hizmetinde profesyoneldir. Mesul m\u00fcd\u00fcr\u00fcm\u00fcz Veteriner Hekimdir.<\/p>\n<h4 style=\"text-align: center;\">\u0130la\u00e7lama Firmas\u0131 olarak Ha\u015fere B\u00f6cek Fare \u0130la\u00e7lama ve Dezenfeksiyon Firmalar\u0131;<\/h4>\n<p>Kemalpa\u015fa Ev-Bah\u00e7e ila\u00e7lama, Kemalpa\u015fa \u0130\u015f yeri \u2013 \u0130\u015f han\u0131 ila\u00e7lama, Kemalpa\u015fa yazl\u0131k ila\u00e7lama, Kemalpa\u015fa bah\u00e7eli ev ila\u00e7lama, Kemalpa\u015fa villa ila\u00e7lama , Kemalpa\u015fa bah\u00e7e ila\u00e7lama, Kemalpa\u015fa ba\u011f-bah\u00e7e ila\u00e7lama, Kemalpa\u015fa kre\u015f-anaokulu ila\u00e7lama, Kemalpa\u015fa apartman ila\u00e7lama, Kemalpa\u015fa okul ila\u00e7lama, Kemalpa\u015fa poliklinik ila\u00e7lama, Kemalpa\u015fa hastane ila\u00e7lama, Kemalpa\u015fa ac\u0131k-Kapal\u0131 alan ila\u00e7lama, Kemalpa\u015fa pansiyon \u2013 motel ila\u00e7lama ile bu sayd\u0131klar\u0131m\u0131n d\u0131\u015f\u0131nda t\u00fcm biz \u0130nsanlar\u0131n ya\u015fam yerlerimizde \u0130la\u00e7lama ve Dezenfeksiyon yapmaktad\u0131r.<\/p>\n<figure id=\"attachment_1983\" aria-describedby=\"caption-attachment-1983\" style=\"width: 403px\" class=\"wp-caption aligncenter\"><img fetchpriority=\"high\" decoding=\"async\" class=\" wp-image-1983\" src=\"https:\/\/www.anadoluilaclama.net\/wp-content\/uploads\/2022\/01\/Kemalpasa-ev-bocek-hasere-ilaclama-servisi-sirketi-300x99.jpg\" alt=\"\" width=\"403\" height=\"133\" srcset=\"https:\/\/www.anadoluilaclama.net\/wp-content\/uploads\/2022\/01\/Kemalpasa-ev-bocek-hasere-ilaclama-servisi-sirketi-300x99.jpg 300w, https:\/\/www.anadoluilaclama.net\/wp-content\/uploads\/2022\/01\/Kemalpasa-ev-bocek-hasere-ilaclama-servisi-sirketi-1024x337.jpg 1024w, https:\/\/www.anadoluilaclama.net\/wp-content\/uploads\/2022\/01\/Kemalpasa-ev-bocek-hasere-ilaclama-servisi-sirketi-768x253.jpg 768w, https:\/\/www.anadoluilaclama.net\/wp-content\/uploads\/2022\/01\/Kemalpasa-ev-bocek-hasere-ilaclama-servisi-sirketi-600x198.jpg 600w, https:\/\/www.anadoluilaclama.net\/wp-content\/uploads\/2022\/01\/Kemalpasa-ev-bocek-hasere-ilaclama-servisi-sirketi.jpg 1200w\" sizes=\"(max-width: 403px) 100vw, 403px\" \/><figcaption id=\"caption-attachment-1983\" class=\"wp-caption-text\">Kemalpa\u015fa ev b\u00f6cek ha\u015fere ila\u00e7lama servisi \u015firketi<\/figcaption><\/figure>\n<p><strong>Kemalpa\u015fa il\u00e7esindeki B\u00f6cek Ha\u015fere ila\u00e7lama ve Dezenfeksiyon servisimiz;<\/strong> Amerikan hamam b\u00f6ce\u011fi, kaps\u00fcll\u00fc hamam b\u00f6ce\u011fi, alman hamam b\u00f6ce\u011fi, oriantel hamam b\u00f6ce\u011fi, la\u011f\u0131m faresi, \u00e7at\u0131 faresi, Ev faresi, f\u0131nd\u0131k faresi, g\u00fcve, sar\u0131 \u00f6r\u00fcmcek, k\u0131rkayak , mike , toz akar\u0131, tahta kurdu, y\u0131lan , tesbih tel b\u00f6ce\u011fi, a\u011fa\u00e7l\u0131 kurdu , hamam b\u00f6ce\u011fi , g\u00fcve b\u00f6ce\u011fi, \u00e7ekirge, g\u00fcm\u00fc\u015f b\u00f6ce\u011fi , Amerikan hamam b\u00f6ce\u011fi , Alman hamam b\u00f6ce\u011fi , cihan , bit-pire , tahta kurusu , tahta kurdu , kalorifer b\u00f6ce\u011fi , kene, karafatma , oriyantal hamam b\u00f6ce\u011fi , akrep gibi di\u011fer b\u00fct\u00fcn Ha\u015fere B\u00f6cek ve kemirgen t\u00fcrlerinin ila\u00e7lamas\u0131\u00a0 ve Corona \u00a0gibi vir\u00fcslere kar\u015f\u0131 DEZENFEKS\u0130YON hizmet vermektedir. Kemalpa\u015fa Apartman \u0130la\u00e7lama Firmas\u0131 olarak Firmam\u0131z sizlere hizmet vermektedir. Ev ve \u0130\u015fyerlerinizde Yapt\u0131\u011f\u0131m\u0131z T\u00fcm B\u00f6cek Ha\u015fere ve Dezenfeksiyon \u00c7al\u0131\u015fmalar\u0131 \u0130l Sa\u011fl\u0131k ve \u00c7evre Sa\u011fl\u0131k Birimleri Taraf\u0131ndan Her Ay Kontrol Edilip Takip Edilmektedir. \u0130la\u00e7lama ve Dezenfeksiyon Uygulama Esnas\u0131nda firmam\u0131z\u0131n Kulland\u0131\u011f\u0131 Biyosidal \u00fcr\u00fcnlerimizin T\u00fcm\u00fc D\u00fcnya Sa\u011fl\u0131k \u00d6rg\u00fct\u00fc ( WHO) ve \u00dclkemizin Sa\u011fl\u0131k Bakanl\u0131\u011f\u0131n\u0131n Onaylad\u0131\u011f\u0131 Halk Sa\u011fl\u0131\u011f\u0131 ve \u00c7evre Sa\u011fl\u0131\u011f\u0131 \u00dcr\u00fcnleridir.<\/p>\n<p><strong>\u0130la\u00e7lama Servisi Kemalpa\u015fa Ha\u015fere B\u00f6cek \u0130la\u00e7lama Servisimiz;<\/strong> Bilindi\u011fi \u00dczere Sa\u011fl\u0131k Bakanl\u0131\u011f\u0131nca Onayl\u0131 Olup Profesyonel Hizmet, \u00c7ok Uygun Fiyat, % Y\u00fcz M\u00fc\u015fteri Memnuniyeti ile S\u0130Z\u0130N H\u0130ZMET\u0130N\u0130ZDED\u0130R.<\/p>\n<p>Bilgi ve Randevu i\u00e7in Hemen Bizi Aray\u0131n\u0131z&#8230;<\/p>\n","protected":false},"excerpt":{"rendered":"<p>Kemalpa\u015fa B\u00f6cek ve Ha\u015fere \u0130la\u00e7lama Servisi Ev i\u015fyeri daire ve apartman ila\u00e7lama Kemalpa\u015fa olarak 2000 y\u0131l\u0131 mart ay\u0131nda Anadolu veteriner muayenehanesi ve Veteriner eczanesi olarak hizmet sekt\u00f6r\u00fcnde hizmete ba\u015flayan \u0130la\u00e7lama ve Dezenfeksiyon firmam\u0131z 2009 y\u0131l\u0131nda ha\u015fere &#8211; b\u00f6cek ila\u00e7lama ve Dezenfeksiyon sekt\u00f6r\u00fcne B\u00d6CEK \u0130LA\u00c7LAMA VE DEZENFEKS\u0130YON PEST KONTROL ad\u0131 alt\u0131nda hizmete girmi\u015ftir.2010 y\u0131l\u0131ndan itibaren bu [&hellip;]<\/p>\n","protected":false},"author":2,"featured_media":3687,"parent":0,"menu_order":0,"comment_status":"closed","ping_status":"closed","template":"","meta":{"site-sidebar-layout":"no-sidebar","site-content-layout":"default","ast-site-content-layout":"default","site-content-style":"default","site-sidebar-style":"default","ast-global-header-display":"","ast-banner-title-visibility":"","ast-main-header-display":"","ast-hfb-above-header-display":"","ast-hfb-below-header-display":"","ast-hfb-mobile-header-display":"","site-post-title":"disabled","ast-breadcrumbs-content":"","ast-featured-img":"","footer-sml-layout":"","ast-disable-related-posts":"","theme-transparent-header-meta":"default","adv-header-id-meta":"","stick-header-meta":"","header-above-stick-meta":"","header-main-stick-meta":"","header-below-stick-meta":"","astra-migrate-meta-layouts":"default","ast-page-background-enabled":"default","ast-page-background-meta":{"desktop":{"background-color":"","background-image":"","background-repeat":"repeat","background-position":"center center","background-size":"auto","background-attachment":"scroll","background-type":"","background-media":"","overlay-type":"","overlay-color":"","overlay-opacity":"","overlay-gradient":""},"tablet":{"background-color":"","background-image":"","background-repeat":"repeat","background-position":"center center","background-size":"auto","background-attachment":"scroll","background-type":"","background-media":"","overlay-type":"","overlay-color":"","overlay-opacity":"","overlay-gradient":""},"mobile":{"background-color":"","background-image":"","background-repeat":"repeat","background-position":"center center","background-size":"auto","background-attachment":"scroll","background-type":"","background-media":"","overlay-type":"","overlay-color":"","overlay-opacity":"","overlay-gradient":""}},"ast-content-background-meta":{"desktop":{"background-color":"var(--ast-global-color-5)","background-image":"","background-repeat":"repeat","background-position":"center center","background-size":"auto","background-attachment":"scroll","background-type":"","background-media":"","overlay-type":"","overlay-color":"","overlay-opacity":"","overlay-gradient":""},"tablet":{"background-color":"var(--ast-global-color-5)","background-image":"","background-repeat":"repeat","background-position":"center center","background-size":"auto","background-attachment":"scroll","background-type":"","background-media":"","overlay-type":"","overlay-color":"","overlay-opacity":"","overlay-gradient":""},"mobile":{"background-color":"var(--ast-global-color-5)","background-image":"","background-repeat":"repeat","background-position":"center center","background-size":"auto","background-attachment":"scroll","background-type":"","background-media":"","overlay-type":"","overlay-color":"","overlay-opacity":"","overlay-gradient":""}},"footnotes":""},"class_list":["post-1980","page","type-page","status-publish","has-post-thumbnail","hentry"],"yoast_head":"<!-- This site is optimized with the Yoast SEO plugin v27.4 - https:\/\/yoast.com\/product\/yoast-seo-wordpress\/ -->\n<title>KEMALPA\u015eA HA\u015eERE \u0130LA\u00c7LAMA B\u00f6cek \u0130la\u00e7lama | 0 538 7183238 |<\/title>\n<meta name=\"description\" content=\"ev ila\u00e7lama kemalpa\u015fa,b\u00f6cek ila\u00e7lama kemalpa\u015fa,ila\u00e7lama \u015firketi kemalpa\u015fa,apartman ila\u00e7lama kemalpa\u015fa\" \/>\n<meta name=\"robots\" content=\"index, follow, max-snippet:-1, max-image-preview:large, max-video-preview:-1\" \/>\n<link rel=\"canonical\" href=\"https:\/\/www.anadoluilaclama.net\/index.php\/kemalpasa-bocek-ve-hasere-ilaclama-servisi\/\" \/>\n<meta property=\"og:locale\" content=\"tr_TR\" \/>\n<meta property=\"og:type\" content=\"article\" \/>\n<meta property=\"og:title\" content=\"KEMALPA\u015eA HA\u015eERE \u0130LA\u00c7LAMA B\u00f6cek \u0130la\u00e7lama | 0 538 7183238 |\" \/>\n<meta property=\"og:description\" content=\"ev ila\u00e7lama kemalpa\u015fa,b\u00f6cek ila\u00e7lama kemalpa\u015fa,ila\u00e7lama \u015firketi kemalpa\u015fa,apartman ila\u00e7lama kemalpa\u015fa\" \/>\n<meta property=\"og:url\" content=\"https:\/\/www.anadoluilaclama.net\/index.php\/kemalpasa-bocek-ve-hasere-ilaclama-servisi\/\" \/>\n<meta property=\"og:site_name\" content=\"B\u00f6cek \u0130la\u00e7lama | 0 538 7183238 |\" \/>\n<meta property=\"article:modified_time\" content=\"2023-01-11T15:34:32+00:00\" \/>\n<meta property=\"og:image\" content=\"https:\/\/www.anadoluilaclama.net\/wp-content\/uploads\/2022\/12\/bocek-ev-apartman-ilaclama-sirketi.jpg\" \/>\n\t<meta property=\"og:image:width\" content=\"504\" \/>\n\t<meta property=\"og:image:height\" content=\"373\" \/>\n\t<meta property=\"og:image:type\" content=\"image\/jpeg\" \/>\n<meta name=\"twitter:card\" content=\"summary_large_image\" \/>\n<meta name=\"twitter:label1\" content=\"Tahmini okuma s\u00fcresi\" \/>\n\t<meta name=\"twitter:data1\" content=\"4 dakika\" \/>\n<script type=\"application\/ld+json\" class=\"yoast-schema-graph\">{\"@context\":\"https:\\\/\\\/schema.org\",\"@graph\":[{\"@type\":\"WebPage\",\"@id\":\"https:\\\/\\\/www.anadoluilaclama.net\\\/index.php\\\/kemalpasa-bocek-ve-hasere-ilaclama-servisi\\\/\",\"url\":\"https:\\\/\\\/www.anadoluilaclama.net\\\/index.php\\\/kemalpasa-bocek-ve-hasere-ilaclama-servisi\\\/\",\"name\":\"KEMALPA\u015eA HA\u015eERE \u0130LA\u00c7LAMA B\u00f6cek \u0130la\u00e7lama | 0 538 7183238 |\",\"isPartOf\":{\"@id\":\"https:\\\/\\\/www.anadoluilaclama.net\\\/#website\"},\"primaryImageOfPage\":{\"@id\":\"https:\\\/\\\/www.anadoluilaclama.net\\\/index.php\\\/kemalpasa-bocek-ve-hasere-ilaclama-servisi\\\/#primaryimage\"},\"image\":{\"@id\":\"https:\\\/\\\/www.anadoluilaclama.net\\\/index.php\\\/kemalpasa-bocek-ve-hasere-ilaclama-servisi\\\/#primaryimage\"},\"thumbnailUrl\":\"https:\\\/\\\/www.anadoluilaclama.net\\\/wp-content\\\/uploads\\\/2022\\\/12\\\/bocek-ev-apartman-ilaclama-sirketi.jpg\",\"datePublished\":\"2022-01-13T14:28:11+00:00\",\"dateModified\":\"2023-01-11T15:34:32+00:00\",\"description\":\"ev ila\u00e7lama kemalpa\u015fa,b\u00f6cek ila\u00e7lama kemalpa\u015fa,ila\u00e7lama \u015firketi kemalpa\u015fa,apartman ila\u00e7lama kemalpa\u015fa\",\"breadcrumb\":{\"@id\":\"https:\\\/\\\/www.anadoluilaclama.net\\\/index.php\\\/kemalpasa-bocek-ve-hasere-ilaclama-servisi\\\/#breadcrumb\"},\"inLanguage\":\"tr\",\"potentialAction\":[{\"@type\":\"ReadAction\",\"target\":[\"https:\\\/\\\/www.anadoluilaclama.net\\\/index.php\\\/kemalpasa-bocek-ve-hasere-ilaclama-servisi\\\/\"]}]},{\"@type\":\"ImageObject\",\"inLanguage\":\"tr\",\"@id\":\"https:\\\/\\\/www.anadoluilaclama.net\\\/index.php\\\/kemalpasa-bocek-ve-hasere-ilaclama-servisi\\\/#primaryimage\",\"url\":\"https:\\\/\\\/www.anadoluilaclama.net\\\/wp-content\\\/uploads\\\/2022\\\/12\\\/bocek-ev-apartman-ilaclama-sirketi.jpg\",\"contentUrl\":\"https:\\\/\\\/www.anadoluilaclama.net\\\/wp-content\\\/uploads\\\/2022\\\/12\\\/bocek-ev-apartman-ilaclama-sirketi.jpg\",\"width\":504,\"height\":373,\"caption\":\"edremit ila\u00e7lama\"},{\"@type\":\"BreadcrumbList\",\"@id\":\"https:\\\/\\\/www.anadoluilaclama.net\\\/index.php\\\/kemalpasa-bocek-ve-hasere-ilaclama-servisi\\\/#breadcrumb\",\"itemListElement\":[{\"@type\":\"ListItem\",\"position\":1,\"name\":\"Anasayfa\",\"item\":\"https:\\\/\\\/www.anadoluilaclama.net\\\/\"},{\"@type\":\"ListItem\",\"position\":2,\"name\":\"KEMALPA\u015eA HA\u015eERE \u0130LA\u00c7LAMA\"}]},{\"@type\":\"WebSite\",\"@id\":\"https:\\\/\\\/www.anadoluilaclama.net\\\/#website\",\"url\":\"https:\\\/\\\/www.anadoluilaclama.net\\\/\",\"name\":\"B\u00f6cek \u0130la\u00e7lama \u015eirketi | 0 538 7183238 |\",\"description\":\"Ev Apartman \u0130\u015fyeri B\u00f6cek Ha\u015fere Fare \u0130la\u00e7lama\",\"publisher\":{\"@id\":\"https:\\\/\\\/www.anadoluilaclama.net\\\/#\\\/schema\\\/person\\\/e802e222955589dff7d9c44491ddb14f\"},\"potentialAction\":[{\"@type\":\"SearchAction\",\"target\":{\"@type\":\"EntryPoint\",\"urlTemplate\":\"https:\\\/\\\/www.anadoluilaclama.net\\\/?s={search_term_string}\"},\"query-input\":{\"@type\":\"PropertyValueSpecification\",\"valueRequired\":true,\"valueName\":\"search_term_string\"}}],\"inLanguage\":\"tr\"},{\"@type\":[\"Person\",\"Organization\"],\"@id\":\"https:\\\/\\\/www.anadoluilaclama.net\\\/#\\\/schema\\\/person\\\/e802e222955589dff7d9c44491ddb14f\",\"name\":\"Veteriner Hekim G\u00f6k. Ar.\",\"image\":{\"@type\":\"ImageObject\",\"inLanguage\":\"tr\",\"@id\":\"https:\\\/\\\/www.anadoluilaclama.net\\\/wp-content\\\/uploads\\\/2022\\\/01\\\/cropped-anadoluilaclama.png\",\"url\":\"https:\\\/\\\/www.anadoluilaclama.net\\\/wp-content\\\/uploads\\\/2022\\\/01\\\/cropped-anadoluilaclama.png\",\"contentUrl\":\"https:\\\/\\\/www.anadoluilaclama.net\\\/wp-content\\\/uploads\\\/2022\\\/01\\\/cropped-anadoluilaclama.png\",\"width\":460,\"height\":136,\"caption\":\"Veteriner Hekim G\u00f6k. Ar.\"},\"logo\":{\"@id\":\"https:\\\/\\\/www.anadoluilaclama.net\\\/wp-content\\\/uploads\\\/2022\\\/01\\\/cropped-anadoluilaclama.png\"}}]}<\/script>\n<!-- \/ Yoast SEO plugin. -->","yoast_head_json":{"title":"KEMALPA\u015eA HA\u015eERE \u0130LA\u00c7LAMA B\u00f6cek \u0130la\u00e7lama | 0 538 7183238 |","description":"ev ila\u00e7lama kemalpa\u015fa,b\u00f6cek ila\u00e7lama kemalpa\u015fa,ila\u00e7lama \u015firketi kemalpa\u015fa,apartman ila\u00e7lama kemalpa\u015fa","robots":{"index":"index","follow":"follow","max-snippet":"max-snippet:-1","max-image-preview":"max-image-preview:large","max-video-preview":"max-video-preview:-1"},"canonical":"https:\/\/www.anadoluilaclama.net\/index.php\/kemalpasa-bocek-ve-hasere-ilaclama-servisi\/","og_locale":"tr_TR","og_type":"article","og_title":"KEMALPA\u015eA HA\u015eERE \u0130LA\u00c7LAMA B\u00f6cek \u0130la\u00e7lama | 0 538 7183238 |","og_description":"ev ila\u00e7lama kemalpa\u015fa,b\u00f6cek ila\u00e7lama kemalpa\u015fa,ila\u00e7lama \u015firketi kemalpa\u015fa,apartman ila\u00e7lama kemalpa\u015fa","og_url":"https:\/\/www.anadoluilaclama.net\/index.php\/kemalpasa-bocek-ve-hasere-ilaclama-servisi\/","og_site_name":"B\u00f6cek \u0130la\u00e7lama | 0 538 7183238 |","article_modified_time":"2023-01-11T15:34:32+00:00","og_image":[{"width":504,"height":373,"url":"https:\/\/www.anadoluilaclama.net\/wp-content\/uploads\/2022\/12\/bocek-ev-apartman-ilaclama-sirketi.jpg","type":"image\/jpeg"}],"twitter_card":"summary_large_image","twitter_misc":{"Tahmini okuma s\u00fcresi":"4 dakika"},"schema":{"@context":"https:\/\/schema.org","@graph":[{"@type":"WebPage","@id":"https:\/\/www.anadoluilaclama.net\/index.php\/kemalpasa-bocek-ve-hasere-ilaclama-servisi\/","url":"https:\/\/www.anadoluilaclama.net\/index.php\/kemalpasa-bocek-ve-hasere-ilaclama-servisi\/","name":"KEMALPA\u015eA HA\u015eERE \u0130LA\u00c7LAMA B\u00f6cek \u0130la\u00e7lama | 0 538 7183238 |","isPartOf":{"@id":"https:\/\/www.anadoluilaclama.net\/#website"},"primaryImageOfPage":{"@id":"https:\/\/www.anadoluilaclama.net\/index.php\/kemalpasa-bocek-ve-hasere-ilaclama-servisi\/#primaryimage"},"image":{"@id":"https:\/\/www.anadoluilaclama.net\/index.php\/kemalpasa-bocek-ve-hasere-ilaclama-servisi\/#primaryimage"},"thumbnailUrl":"https:\/\/www.anadoluilaclama.net\/wp-content\/uploads\/2022\/12\/bocek-ev-apartman-ilaclama-sirketi.jpg","datePublished":"2022-01-13T14:28:11+00:00","dateModified":"2023-01-11T15:34:32+00:00","description":"ev ila\u00e7lama kemalpa\u015fa,b\u00f6cek ila\u00e7lama kemalpa\u015fa,ila\u00e7lama \u015firketi kemalpa\u015fa,apartman ila\u00e7lama kemalpa\u015fa","breadcrumb":{"@id":"https:\/\/www.anadoluilaclama.net\/index.php\/kemalpasa-bocek-ve-hasere-ilaclama-servisi\/#breadcrumb"},"inLanguage":"tr","potentialAction":[{"@type":"ReadAction","target":["https:\/\/www.anadoluilaclama.net\/index.php\/kemalpasa-bocek-ve-hasere-ilaclama-servisi\/"]}]},{"@type":"ImageObject","inLanguage":"tr","@id":"https:\/\/www.anadoluilaclama.net\/index.php\/kemalpasa-bocek-ve-hasere-ilaclama-servisi\/#primaryimage","url":"https:\/\/www.anadoluilaclama.net\/wp-content\/uploads\/2022\/12\/bocek-ev-apartman-ilaclama-sirketi.jpg","contentUrl":"https:\/\/www.anadoluilaclama.net\/wp-content\/uploads\/2022\/12\/bocek-ev-apartman-ilaclama-sirketi.jpg","width":504,"height":373,"caption":"edremit ila\u00e7lama"},{"@type":"BreadcrumbList","@id":"https:\/\/www.anadoluilaclama.net\/index.php\/kemalpasa-bocek-ve-hasere-ilaclama-servisi\/#breadcrumb","itemListElement":[{"@type":"ListItem","position":1,"name":"Anasayfa","item":"https:\/\/www.anadoluilaclama.net\/"},{"@type":"ListItem","position":2,"name":"KEMALPA\u015eA HA\u015eERE \u0130LA\u00c7LAMA"}]},{"@type":"WebSite","@id":"https:\/\/www.anadoluilaclama.net\/#website","url":"https:\/\/www.anadoluilaclama.net\/","name":"B\u00f6cek \u0130la\u00e7lama \u015eirketi | 0 538 7183238 |","description":"Ev Apartman \u0130\u015fyeri B\u00f6cek Ha\u015fere Fare \u0130la\u00e7lama","publisher":{"@id":"https:\/\/www.anadoluilaclama.net\/#\/schema\/person\/e802e222955589dff7d9c44491ddb14f"},"potentialAction":[{"@type":"SearchAction","target":{"@type":"EntryPoint","urlTemplate":"https:\/\/www.anadoluilaclama.net\/?s={search_term_string}"},"query-input":{"@type":"PropertyValueSpecification","valueRequired":true,"valueName":"search_term_string"}}],"inLanguage":"tr"},{"@type":["Person","Organization"],"@id":"https:\/\/www.anadoluilaclama.net\/#\/schema\/person\/e802e222955589dff7d9c44491ddb14f","name":"Veteriner Hekim G\u00f6k. Ar.","image":{"@type":"ImageObject","inLanguage":"tr","@id":"https:\/\/www.anadoluilaclama.net\/wp-content\/uploads\/2022\/01\/cropped-anadoluilaclama.png","url":"https:\/\/www.anadoluilaclama.net\/wp-content\/uploads\/2022\/01\/cropped-anadoluilaclama.png","contentUrl":"https:\/\/www.anadoluilaclama.net\/wp-content\/uploads\/2022\/01\/cropped-anadoluilaclama.png","width":460,"height":136,"caption":"Veteriner Hekim G\u00f6k. Ar."},"logo":{"@id":"https:\/\/www.anadoluilaclama.net\/wp-content\/uploads\/2022\/01\/cropped-anadoluilaclama.png"}}]}},"blog_post_layout_featured_media_urls":{"thumbnail":["https:\/\/www.anadoluilaclama.net\/wp-content\/uploads\/2022\/12\/bocek-ev-apartman-ilaclama-sirketi-150x150.jpg",150,150,true],"full":["https:\/\/www.anadoluilaclama.net\/wp-content\/uploads\/2022\/12\/bocek-ev-apartman-ilaclama-sirketi.jpg",504,373,false]},"categories_names":null,"comments_number":"0","_links":{"self":[{"href":"https:\/\/www.anadoluilaclama.net\/index.php\/wp-json\/wp\/v2\/pages\/1980","targetHints":{"allow":["GET"]}}],"collection":[{"href":"https:\/\/www.anadoluilaclama.net\/index.php\/wp-json\/wp\/v2\/pages"}],"about":[{"href":"https:\/\/www.anadoluilaclama.net\/index.php\/wp-json\/wp\/v2\/types\/page"}],"author":[{"embeddable":true,"href":"https:\/\/www.anadoluilaclama.net\/index.php\/wp-json\/wp\/v2\/users\/2"}],"replies":[{"embeddable":true,"href":"https:\/\/www.anadoluilaclama.net\/index.php\/wp-json\/wp\/v2\/comments?post=1980"}],"version-history":[{"count":10,"href":"https:\/\/www.anadoluilaclama.net\/index.php\/wp-json\/wp\/v2\/pages\/1980\/revisions"}],"predecessor-version":[{"id":3855,"href":"https:\/\/www.anadoluilaclama.net\/index.php\/wp-json\/wp\/v2\/pages\/1980\/revisions\/3855"}],"wp:featuredmedia":[{"embeddable":true,"href":"https:\/\/www.anadoluilaclama.net\/index.php\/wp-json\/wp\/v2\/media\/3687"}],"wp:attachment":[{"href":"https:\/\/www.anadoluilaclama.net\/index.php\/wp-json\/wp\/v2\/media?parent=1980"}],"curies":[{"name":"wp","href":"https:\/\/api.w.org\/{rel}","templated":true}]}}